{"id":26,"date":"2017-02-06T21:19:16","date_gmt":"2017-02-06T20:19:16","guid":{"rendered":"https:\/\/new.zbt.pl\/?page_id=26"},"modified":"2017-05-18T09:56:27","modified_gmt":"2017-05-18T07:56:27","slug":"o-nas","status":"publish","type":"page","link":"https:\/\/wschod.zbt.pl\/?page_id=26","title":{"rendered":"O nas"},"content":{"rendered":"<p>Rynek energetyczny to kluczowe obszary rozwoju ZBT Wsch\u00f3d. Od wielu lat realizujemy inwestycje w tym segmencie budownictwa. W zale\u017cno\u015bci od skali projektu budujemy jako generalny wykonawca lub w konsorcjach z wiod\u0105cymi firmami z bran\u017cy energetycznej i przemys\u0142owej.<\/p>\n<p>Uczestniczymy w wielu post\u0119powaniach przetargowych w bran\u017cy energetycznej i przemys\u0142owej. Oferujemy generalne wykonawstwo na realizacj\u0119 dostawy kluczowych instalacji energetycznych, takich jak budowa przesy\u0142owych linii energetycznych, przy\u0142\u0105czy energetycznych i o\u015bwietlenia drogowego. Budujemy stacje energetyczne \u015bredniego napi\u0119cia kontenerowe, na s\u0142upowe, wykonujemy tak\u017ce specjalistyczne roboty technologiczne i budowlane w zak\u0142adach przemys\u0142owych. Wykonujemy inwestycje z sektora telekomunikacyjnego.<\/p>\n","protected":false},"excerpt":{"rendered":"<p>Rynek energetyczny to kluczowe obszary rozwoju ZBT Wsch\u00f3d. Od wielu lat realizujemy inwestycje w tym segmencie budownictwa. W zale\u017cno\u015bci od skali projektu budujemy jako generalny wykonawca lub w konsorcjach z wiod\u0105cymi firmami z bran\u017cy energetycznej i przemys\u0142owej. Uczestniczymy w wielu post\u0119powaniach przetargowych w bran\u017cy energetycznej i przemys\u0142owej. Oferujemy generalne wykonawstwo na realizacj\u0119 dostawy kluczowych instalacji &hellip; <\/p>\n<p class=\"link-more\"><a href=\"https:\/\/wschod.zbt.pl\/?page_id=26\" class=\"more-link\">Czytaj dalej<span class=\"screen-reader-text\"> \u201eO nas\u201d<\/span><\/a><\/p>\n","protected":false},"author":1,"featured_media":70,"parent":0,"menu_order":0,"comment_status":"closed","ping_status":"closed","template":"","meta":{"footnotes":""},"class_list":["post-26","page","type-page","status-publish","has-post-thumbnail","hentry"],"_links":{"self":[{"href":"https:\/\/wschod.zbt.pl\/index.php?rest_route=\/wp\/v2\/pages\/26","targetHints":{"allow":["GET"]}}],"collection":[{"href":"https:\/\/wschod.zbt.pl\/index.php?rest_route=\/wp\/v2\/pages"}],"about":[{"href":"https:\/\/wschod.zbt.pl\/index.php?rest_route=\/wp\/v2\/types\/page"}],"author":[{"embeddable":true,"href":"https:\/\/wschod.zbt.pl\/index.php?rest_route=\/wp\/v2\/users\/1"}],"replies":[{"embeddable":true,"href":"https:\/\/wschod.zbt.pl\/index.php?rest_route=%2Fwp%2Fv2%2Fcomments&post=26"}],"version-history":[{"count":2,"href":"https:\/\/wschod.zbt.pl\/index.php?rest_route=\/wp\/v2\/pages\/26\/revisions"}],"predecessor-version":[{"id":104,"href":"https:\/\/wschod.zbt.pl\/index.php?rest_route=\/wp\/v2\/pages\/26\/revisions\/104"}],"wp:featuredmedia":[{"embeddable":true,"href":"https:\/\/wschod.zbt.pl\/index.php?rest_route=\/wp\/v2\/media\/70"}],"wp:attachment":[{"href":"https:\/\/wschod.zbt.pl\/index.php?rest_route=%2Fwp%2Fv2%2Fmedia&parent=26"}],"curies":[{"name":"wp","href":"https:\/\/api.w.org\/{rel}","templated":true}]}}