{"id":25,"date":"2017-02-06T21:19:16","date_gmt":"2017-02-06T20:19:16","guid":{"rendered":"https:\/\/new.zbt.pl\/?page_id=25"},"modified":"2017-02-07T09:01:01","modified_gmt":"2017-02-07T08:01:01","slug":"strona-glowna","status":"publish","type":"page","link":"https:\/\/wschod.zbt.pl\/","title":{"rendered":"Strona g\u0142\u00f3wna"},"content":{"rendered":"<p>Witamy na stronie!<\/p>\n<p>ZBT Wsch\u00f3d istnieje od 2008r.<br \/>\nObecnie firma zatrudnia wykwalifikowan\u0105 kadr\u0119 kierownicz\u0105 i techniczn\u0105 z wszelkimi niezb\u0119dnymi uprawnieniami bran\u017cowymi oraz d\u0142ugoletnim sta\u017cem w energetyce i telekomunikacji. Liczba pracownik\u00f3w okresowo ro\u015bnie.<\/p>\n","protected":false},"excerpt":{"rendered":"<p>Witamy na stronie! ZBT Wsch\u00f3d istnieje od 2008r. Obecnie firma zatrudnia wykwalifikowan\u0105 kadr\u0119 kierownicz\u0105 i techniczn\u0105 z wszelkimi niezb\u0119dnymi uprawnieniami bran\u017cowymi oraz d\u0142ugoletnim sta\u017cem w energetyce i telekomunikacji. Liczba pracownik\u00f3w okresowo ro\u015bnie.<\/p>\n","protected":false},"author":1,"featured_media":60,"parent":0,"menu_order":0,"comment_status":"closed","ping_status":"closed","template":"","meta":{"footnotes":""},"class_list":["post-25","page","type-page","status-publish","has-post-thumbnail","hentry"],"_links":{"self":[{"href":"https:\/\/wschod.zbt.pl\/index.php?rest_route=\/wp\/v2\/pages\/25","targetHints":{"allow":["GET"]}}],"collection":[{"href":"https:\/\/wschod.zbt.pl\/index.php?rest_route=\/wp\/v2\/pages"}],"about":[{"href":"https:\/\/wschod.zbt.pl\/index.php?rest_route=\/wp\/v2\/types\/page"}],"author":[{"embeddable":true,"href":"https:\/\/wschod.zbt.pl\/index.php?rest_route=\/wp\/v2\/users\/1"}],"replies":[{"embeddable":true,"href":"https:\/\/wschod.zbt.pl\/index.php?rest_route=%2Fwp%2Fv2%2Fcomments&post=25"}],"version-history":[{"count":2,"href":"https:\/\/wschod.zbt.pl\/index.php?rest_route=\/wp\/v2\/pages\/25\/revisions"}],"predecessor-version":[{"id":63,"href":"https:\/\/wschod.zbt.pl\/index.php?rest_route=\/wp\/v2\/pages\/25\/revisions\/63"}],"wp:featuredmedia":[{"embeddable":true,"href":"https:\/\/wschod.zbt.pl\/index.php?rest_route=\/wp\/v2\/media\/60"}],"wp:attachment":[{"href":"https:\/\/wschod.zbt.pl\/index.php?rest_route=%2Fwp%2Fv2%2Fmedia&parent=25"}],"curies":[{"name":"wp","href":"https:\/\/api.w.org\/{rel}","templated":true}]}}